{"id":2900,"date":"2026-04-03T12:07:41","date_gmt":"2026-04-03T10:07:41","guid":{"rendered":"https:\/\/innertube.lt\/?page_id=2900"},"modified":"2026-04-22T13:00:57","modified_gmt":"2026-04-22T11:00:57","slug":"projektavimas2","status":"publish","type":"page","link":"https:\/\/innertube.lt\/index.php\/projektavimas2\/","title":{"rendered":"PROJEKTAVIMAS-bad"},"content":{"rendered":"\t\t<div data-elementor-type=\"wp-page\" data-elementor-id=\"2900\" class=\"elementor elementor-2900\">\n\t\t\t\t\t\t<section class=\"elementor-section elementor-top-section elementor-element elementor-element-db41f15 elementor-section-boxed elementor-section-height-default elementor-section-height-default wpr-particle-no wpr-jarallax-no wpr-parallax-no wpr-sticky-section-no wpr-column-slider-no wpr-equal-height-no\" data-id=\"db41f15\" data-element_type=\"section\" data-e-type=\"section\">\n\t\t\t\t\t\t<div class=\"elementor-container elementor-column-gap-default\">\n\t\t\t\t\t<div class=\"elementor-column elementor-col-50 elementor-top-column elementor-element elementor-element-e8655cb\" data-id=\"e8655cb\" data-element_type=\"column\" data-e-type=\"column\">\n\t\t\t<div class=\"elementor-widget-wrap elementor-element-populated\">\n\t\t\t\t\t\t<div class=\"elementor-element elementor-element-4cd5834 wpr-promo-box-style-cover elementor-widget elementor-widget-wpr-promo-box\" data-id=\"4cd5834\" data-element_type=\"widget\" data-e-type=\"widget\" data-widget_type=\"wpr-promo-box.default\">\n\t\t\t\t<div class=\"elementor-widget-container\">\n\t\t\t\t\t\n\t\t<div class=\"wpr-promo-box wpr-animation-wrap\">\n\n\t\t\t\t\t\t<a class=\"wpr-promo-box-link\" href=\"#\"><\/a>\t\n\t\t\t\t\t\t\t\n\t\t\t\t\t\t\t<div class=\"wpr-promo-box-image\">\n\t\t\t\t\t<div class=\"wpr-promo-box-bg-image wpr-bg-anim-zoom-out wpr-anim-timing-ease-default\" style=\"background-image:url(https:\/\/innertube.lt\/wp-content\/uploads\/2026\/03\/tech_breziniai_cover.png);\"><\/div>\n\t\t\t\t\t<div class=\"wpr-promo-box-bg-overlay wpr-border-anim-none\"><\/div>\n\t\t\t\t<\/div>\n\t\t\t\t\t\t\n\t\t\t<div class=\"wpr-promo-box-content\">\n\n\t\t\t\t\t\t\t\t<div class=\"wpr-promo-box-icon\">\n\t\t\t\t\t\t\t\t\t<\/div>\n\t\t\t\t\n\t\t\t\t<h3 class=\"wpr-promo-box-title\"><span>TECHNINIAI INTERJERO BR\u0116\u017dINIAI<\/span><\/h3>\n\t\t\t\t\n\t\t\t\t\t\t\t<\/div>\n\n\t\t\t\t\t<\/div>\n\n\t\t\t\t\t\t<\/div>\n\t\t\t\t<\/div>\n\t\t\t\t\t<\/div>\n\t\t<\/div>\n\t\t\t\t<div class=\"elementor-column elementor-col-50 elementor-top-column elementor-element elementor-element-0d48957\" data-id=\"0d48957\" data-element_type=\"column\" data-e-type=\"column\">\n\t\t\t<div class=\"elementor-widget-wrap elementor-element-populated\">\n\t\t\t\t\t\t<div class=\"elementor-element elementor-element-a0da800 wpr-promo-box-style-cover elementor-widget elementor-widget-wpr-promo-box\" data-id=\"a0da800\" data-element_type=\"widget\" data-e-type=\"widget\" data-widget_type=\"wpr-promo-box.default\">\n\t\t\t\t<div class=\"elementor-widget-container\">\n\t\t\t\t\t\n\t\t<div class=\"wpr-promo-box wpr-animation-wrap\">\n\n\t\t\t\t\t\t<a class=\"wpr-promo-box-link\" href=\"#\"><\/a>\t\n\t\t\t\t\t\t\t\n\t\t\t\t\t\t\t<div class=\"wpr-promo-box-image\">\n\t\t\t\t\t<div class=\"wpr-promo-box-bg-image wpr-bg-anim-zoom-out wpr-anim-timing-ease-default\" style=\"background-image:url(https:\/\/innertube.lt\/wp-content\/uploads\/2026\/04\/b_web2b.jpg);\"><\/div>\n\t\t\t\t\t<div class=\"wpr-promo-box-bg-overlay wpr-border-anim-none\"><\/div>\n\t\t\t\t<\/div>\n\t\t\t\t\t\t\n\t\t\t<div class=\"wpr-promo-box-content\">\n\n\t\t\t\t\t\t\t\t<div class=\"wpr-promo-box-icon\">\n\t\t\t\t\t\t\t\t\t<\/div>\n\t\t\t\t\n\t\t\t\t<h3 class=\"wpr-promo-box-title\"><span>INTERJERO STILIUS, VIZUALIZACIJOS<\/span><\/h3>\n\t\t\t\t\n\t\t\t\t\t\t\t<\/div>\n\n\t\t\t\t\t<\/div>\n\n\t\t\t\t\t\t<\/div>\n\t\t\t\t<\/div>\n\t\t\t\t\t<\/div>\n\t\t<\/div>\n\t\t\t\t\t<\/div>\n\t\t<\/section>\n\t\t\t\t<section class=\"elementor-section elementor-top-section elementor-element elementor-element-76da1c4 elementor-section-boxed elementor-section-height-default elementor-section-height-default wpr-particle-no wpr-jarallax-no wpr-parallax-no wpr-sticky-section-no wpr-column-slider-no wpr-equal-height-no\" data-id=\"76da1c4\" data-element_type=\"section\" data-e-type=\"section\">\n\t\t\t\t\t\t<div class=\"elementor-container elementor-column-gap-default\">\n\t\t\t\t\t<div class=\"elementor-column elementor-col-100 elementor-top-column elementor-element elementor-element-cf16346\" data-id=\"cf16346\" data-element_type=\"column\" data-e-type=\"column\">\n\t\t\t<div class=\"elementor-widget-wrap elementor-element-populated\">\n\t\t\t\t\t\t<div class=\"elementor-element elementor-element-6000714 wpr-promo-box-style-cover elementor-widget elementor-widget-wpr-promo-box\" data-id=\"6000714\" data-element_type=\"widget\" data-e-type=\"widget\" data-widget_type=\"wpr-promo-box.default\">\n\t\t\t\t<div class=\"elementor-widget-container\">\n\t\t\t\t\t\n\t\t<div class=\"wpr-promo-box wpr-animation-wrap\">\n\n\t\t\t\t\t\t\t\n\t\t\t\t\t\t\t<div class=\"wpr-promo-box-image\">\n\t\t\t\t\t<div class=\"wpr-promo-box-bg-image wpr-bg-anim-zoom-out wpr-anim-timing-ease-default\" style=\"background-image:url(https:\/\/innertube.lt\/wp-content\/uploads\/2026\/04\/b_web3.jpg);\"><\/div>\n\t\t\t\t\t<div class=\"wpr-promo-box-bg-overlay wpr-border-anim-none\"><\/div>\n\t\t\t\t<\/div>\n\t\t\t\t\t\t\n\t\t\t<div class=\"wpr-promo-box-content\">\n\n\t\t\t\t\t\t\t\t<div class=\"wpr-promo-box-icon\">\n\t\t\t\t\t\t\t\t\t<\/div>\n\t\t\t\t\n\t\t\t\t<h3 class=\"wpr-promo-box-title\"><span>PROJEKTAVIMAS<\/span><\/h3>\n\t\t\t\t\t\t\t\t\t<div class=\"wpr-promo-box-description\">\n\t\t\t\t\t\t<p><p>Techniniai interjero br\u0117\u017einiai<\/p><p>Vizualizacijos<\/p><\/p>\t\n\t\t\t\t\t<\/div>\t\t\t\t\t\t\n\t\t\t\t\n\t\t\t\t\t\t\t\t\t<div class=\"wpr-promo-box-btn-wrap\">\n\t\t\t\t\t\t<a class=\"wpr-promo-box-btn\" href=\"https:\/\/innertube.lt\/index.php\/projektavimas\/\">\n\n\t\t\t\t\t\t\t\t\t\t\t\t\t\t<span class=\"wpr-promo-box-btn-text\">Detaliau<\/span>\t\t\n\t\t\t\t\t\t\t\n\t\t\t\t\t\t\t\t\t\t\t\t\t<\/a>\n\t\t\t\t\t<\/div>\t\n\t\t\t\t\t\t\t<\/div>\n\n\t\t\t\t\t<\/div>\n\n\t\t\t\t\t\t<\/div>\n\t\t\t\t<\/div>\n\t\t\t\t\t<\/div>\n\t\t<\/div>\n\t\t\t\t\t<\/div>\n\t\t<\/section>\n\t\t\t\t<section class=\"elementor-section elementor-top-section elementor-element elementor-element-7b60f89 elementor-section-boxed elementor-section-height-default elementor-section-height-default wpr-particle-no wpr-jarallax-no wpr-parallax-no wpr-sticky-section-no wpr-column-slider-no wpr-equal-height-no\" data-id=\"7b60f89\" data-element_type=\"section\" data-e-type=\"section\">\n\t\t\t\t\t\t<div class=\"elementor-container elementor-column-gap-default\">\n\t\t\t\t\t<div class=\"elementor-column elementor-col-100 elementor-top-column elementor-element elementor-element-7504ccb\" data-id=\"7504ccb\" data-element_type=\"column\" data-e-type=\"column\">\n\t\t\t<div class=\"elementor-widget-wrap elementor-element-populated\">\n\t\t\t\t\t\t<div class=\"elementor-element elementor-element-e782929 wpr-promo-box-style-cover elementor-widget elementor-widget-wpr-promo-box\" data-id=\"e782929\" data-element_type=\"widget\" data-e-type=\"widget\" data-widget_type=\"wpr-promo-box.default\">\n\t\t\t\t<div class=\"elementor-widget-container\">\n\t\t\t\t\t\n\t\t<div class=\"wpr-promo-box wpr-animation-wrap\">\n\n\t\t\t\t\t\t\t\n\t\t\t\t\t\t\t<div class=\"wpr-promo-box-image\">\n\t\t\t\t\t<div class=\"wpr-promo-box-bg-image wpr-bg-anim-zoom-out wpr-anim-timing-ease-default\" style=\"background-image:url(https:\/\/innertube.lt\/wp-content\/uploads\/2026\/03\/volutes_small.jpg);\"><\/div>\n\t\t\t\t\t<div class=\"wpr-promo-box-bg-overlay wpr-border-anim-none\"><\/div>\n\t\t\t\t<\/div>\n\t\t\t\t\t\t\n\t\t\t<div class=\"wpr-promo-box-content\">\n\n\t\t\t\t\t\t\t\t<div class=\"wpr-promo-box-icon\">\n\t\t\t\t\t\t\t\t\t<\/div>\n\t\t\t\t\n\t\t\t\t<h3 class=\"wpr-promo-box-title\"><span>FOTOGRAFIJA<\/span><\/h3>\n\t\t\t\t\t\t\t\t\t<div class=\"wpr-promo-box-description\">\n\t\t\t\t\t\t<p><p>Produkto fotografija<\/p><p>Interjero fotografija<\/p><\/p>\t\n\t\t\t\t\t<\/div>\t\t\t\t\t\t\n\t\t\t\t\n\t\t\t\t\t\t\t\t\t<div class=\"wpr-promo-box-btn-wrap\">\n\t\t\t\t\t\t<a class=\"wpr-promo-box-btn\" href=\"#\">\n\n\t\t\t\t\t\t\t\t\t\t\t\t\t\t<span class=\"wpr-promo-box-btn-text\">Detaliau<\/span>\t\t\n\t\t\t\t\t\t\t\n\t\t\t\t\t\t\t\t\t\t\t\t\t<\/a>\n\t\t\t\t\t<\/div>\t\n\t\t\t\t\t\t\t<\/div>\n\n\t\t\t\t\t<\/div>\n\n\t\t\t\t\t\t<\/div>\n\t\t\t\t<\/div>\n\t\t\t\t\t<\/div>\n\t\t<\/div>\n\t\t\t\t\t<\/div>\n\t\t<\/section>\n\t\t\t\t<section class=\"elementor-section elementor-top-section elementor-element elementor-element-7dbfc73 elementor-section-height-min-height elementor-section-content-middle elementor-section-stretched elementor-section-boxed elementor-section-height-default elementor-section-items-middle wpr-particle-no wpr-jarallax-no wpr-parallax-no wpr-sticky-section-no wpr-column-slider-no wpr-equal-height-no\" data-id=\"7dbfc73\" data-element_type=\"section\" data-e-type=\"section\" data-settings=\"{&quot;stretch_section&quot;:&quot;section-stretched&quot;}\">\n\t\t\t\t\t\t<div class=\"elementor-container elementor-column-gap-default\">\n\t\t\t\t\t<div class=\"elementor-column elementor-col-100 elementor-top-column elementor-element elementor-element-efed30b\" data-id=\"efed30b\" data-element_type=\"column\" data-e-type=\"column\">\n\t\t\t<div class=\"elementor-widget-wrap elementor-element-populated\">\n\t\t\t\t\t\t<div class=\"elementor-element elementor-element-14ecdca elementor-widget__width-initial elementor-widget elementor-widget-ucaddon_uc_carousel_image\" data-id=\"14ecdca\" data-element_type=\"widget\" data-e-type=\"widget\" data-widget_type=\"ucaddon_uc_carousel_image.default\">\n\t\t\t\t<div class=\"elementor-widget-container\">\n\t\t\t\t\t\n<!-- start Carousel Gallery -->\n\t\t<link id='font-awesome-css' href='https:\/\/innertube.lt\/wp-content\/plugins\/unlimited-elements-for-elementor\/assets_libraries\/font-awesome6\/fontawesome-all.min.css' type='text\/css' rel='stylesheet' >\n\t\t<link id='font-awesome-4-shim-css' href='https:\/\/innertube.lt\/wp-content\/plugins\/unlimited-elements-for-elementor\/assets_libraries\/font-awesome6\/fontawesome-v4-shims.min.css' type='text\/css' rel='stylesheet' >\n\t\t<link id='unitegallery-css' href='https:\/\/innertube.lt\/wp-content\/plugins\/unlimited-elements-for-elementor\/assets_libraries\/unitegallery\/css\/unite-gallery.css' type='text\/css' rel='stylesheet' >\n\n<style>\/* widget: Carousel Gallery *\/\n\n#uc_uc_carousel_image_elementor_14ecdca-wrapper{\n  min-height: 1px;\n}\n\n#uc_uc_carousel_image_elementor_14ecdca{  \n  margin:0 auto;\n  direction:;\n  display: none;  \n}\n\n\n#uc_uc_carousel_image_elementor_14ecdca .ug-button-tile-play .ug-button-tile-pause-icon{\n  display: none;\n}\n\n#uc_uc_carousel_image_elementor_14ecdca .ug-pause-icon .ug-button-tile-pause-icon{\n  display: flex !important;\n}\n\n<\/style>\n\n<div id=\"uc_uc_carousel_image_elementor_14ecdca-wrapper\">\n  <div id=\"uc_uc_carousel_image_elementor_14ecdca\" class=\"uc-items-wrapper\" data-custom-sethtml=\"true\" >\n    \n<img decoding=\"async\" alt=\"\"\n   src=\"https:\/\/innertube.lt\/wp-content\/plugins\/unlimited-elements-for-elementor\/images\/placeholder.png\"\n    data-image=\"https:\/\/innertube.lt\/wp-content\/plugins\/unlimited-elements-for-elementor\/images\/placeholder.png\">\n\n<img decoding=\"async\" alt=\"\"\n   src=\"https:\/\/innertube.lt\/wp-content\/plugins\/unlimited-elements-for-elementor\/images\/placeholder.png\"\n    data-image=\"https:\/\/innertube.lt\/wp-content\/plugins\/unlimited-elements-for-elementor\/images\/placeholder.png\">\n\n<img decoding=\"async\" alt=\"\"\n   src=\"https:\/\/innertube.lt\/wp-content\/plugins\/unlimited-elements-for-elementor\/images\/placeholder.png\"\n    data-image=\"https:\/\/innertube.lt\/wp-content\/plugins\/unlimited-elements-for-elementor\/images\/placeholder.png\">\n\n<img decoding=\"async\" alt=\"\"\n   src=\"https:\/\/innertube.lt\/wp-content\/plugins\/unlimited-elements-for-elementor\/images\/placeholder.png\"\n    data-image=\"https:\/\/innertube.lt\/wp-content\/plugins\/unlimited-elements-for-elementor\/images\/placeholder.png\">\n\n<img decoding=\"async\" alt=\"\"\n   src=\"https:\/\/innertube.lt\/wp-content\/plugins\/unlimited-elements-for-elementor\/images\/placeholder.png\"\n    data-image=\"https:\/\/innertube.lt\/wp-content\/plugins\/unlimited-elements-for-elementor\/images\/placeholder.png\">\n\n<img decoding=\"async\" alt=\"\"\n   src=\"https:\/\/innertube.lt\/wp-content\/plugins\/unlimited-elements-for-elementor\/images\/placeholder.png\"\n    data-image=\"https:\/\/innertube.lt\/wp-content\/plugins\/unlimited-elements-for-elementor\/images\/placeholder.png\">\n  \n  <\/div>\n<\/div>\n<!-- end Carousel Gallery -->\t\t\t\t<\/div>\n\t\t\t\t<\/div>\n\t\t\t\t\t<\/div>\n\t\t<\/div>\n\t\t\t\t\t<\/div>\n\t\t<\/section>\n\t\t\t\t<section class=\"elementor-section elementor-top-section elementor-element elementor-element-afe04ca elementor-section-stretched elementor-section-boxed elementor-section-height-default elementor-section-height-default wpr-particle-no wpr-jarallax-no wpr-parallax-no wpr-sticky-section-no wpr-column-slider-no wpr-equal-height-no\" data-id=\"afe04ca\" data-element_type=\"section\" data-e-type=\"section\" data-settings=\"{&quot;stretch_section&quot;:&quot;section-stretched&quot;}\">\n\t\t\t\t\t\t<div class=\"elementor-container elementor-column-gap-default\">\n\t\t\t\t\t<div class=\"elementor-column elementor-col-100 elementor-top-column elementor-element elementor-element-06e9880\" data-id=\"06e9880\" data-element_type=\"column\" data-e-type=\"column\">\n\t\t\t<div class=\"elementor-widget-wrap elementor-element-populated\">\n\t\t\t\t\t\t<div class=\"elementor-element elementor-element-f895fb4 elementor-widget elementor-widget-image-gallery\" data-id=\"f895fb4\" data-element_type=\"widget\" data-e-type=\"widget\" data-widget_type=\"image-gallery.default\">\n\t\t\t\t<div class=\"elementor-widget-container\">\n\t\t\t\t\t\t\t<div class=\"elementor-image-gallery\">\n\t\t\t<div id='gallery-1' class='gallery galleryid-2900 gallery-columns-2 gallery-size-ect-jetpack-portfolio-featured'><figure class='gallery-item'>\n\t\t\t<div class='gallery-icon landscape'>\n\t\t\t\t<a data-elementor-open-lightbox=\"yes\" data-elementor-lightbox-slideshow=\"f895fb4\" data-e-action-hash=\"#elementor-action%3Aaction%3Dlightbox%26settings%3DeyJpZCI6MjU1NSwidXJsIjoiaHR0cHM6XC9cL2lubmVydHViZS5sdFwvd3AtY29udGVudFwvdXBsb2Fkc1wvMjAyNlwvMDFcLzEuanBnIiwic2xpZGVzaG93IjoiZjg5NWZiNCJ9\" href='https:\/\/innertube.lt\/wp-content\/uploads\/2026\/01\/1.jpg'><img fetchpriority=\"high\" decoding=\"async\" width=\"640\" height=\"505\" src=\"https:\/\/innertube.lt\/wp-content\/uploads\/2026\/01\/1-640x505.jpg\" class=\"attachment-ect-jetpack-portfolio-featured size-ect-jetpack-portfolio-featured\" alt=\"\" \/><\/a>\n\t\t\t<\/div><\/figure>\n\t\t<\/div>\n\t\t<\/div>\n\t\t\t\t\t\t<\/div>\n\t\t\t\t<\/div>\n\t\t\t\t\t<\/div>\n\t\t<\/div>\n\t\t\t\t\t<\/div>\n\t\t<\/section>\n\t\t\t\t<\/div>\n\t\t","protected":false},"excerpt":{"rendered":"<p>TECHNINIAI INTERJERO BR\u0116\u017dINIAI INTERJERO STILIUS, VIZUALIZACIJOS PROJEKTAVIMAS Techniniai interjero br\u0117\u017einiai Vizualizacijos Detaliau FOTOGRAFIJA Produkto fotografija Interjero fotografija Detaliau<\/p>\n","protected":false},"author":1,"featured_media":0,"parent":0,"menu_order":0,"comment_status":"closed","ping_status":"closed","template":"","meta":{"footnotes":""},"class_list":["post-2900","page","type-page","status-publish","hentry"],"yoast_head":"<!-- This site is optimized with the Yoast SEO plugin v27.5 - https:\/\/yoast.com\/product\/yoast-seo-wordpress\/ -->\n<title>PROJEKTAVIMAS-bad | innertube<\/title>\n<meta name=\"robots\" content=\"index, follow, max-snippet:-1, max-image-preview:large, max-video-preview:-1\" \/>\n<link rel=\"canonical\" href=\"https:\/\/innertube.lt\/index.php\/projektavimas2\/\" \/>\n<meta property=\"og:locale\" content=\"en_US\" \/>\n<meta property=\"og:type\" content=\"article\" \/>\n<meta property=\"og:title\" content=\"PROJEKTAVIMAS-bad | innertube\" \/>\n<meta property=\"og:description\" content=\"TECHNINIAI INTERJERO BR\u0116\u017dINIAI INTERJERO STILIUS, VIZUALIZACIJOS PROJEKTAVIMAS Techniniai interjero br\u0117\u017einiai Vizualizacijos Detaliau FOTOGRAFIJA Produkto fotografija Interjero fotografija Detaliau\" \/>\n<meta property=\"og:url\" content=\"https:\/\/innertube.lt\/index.php\/projektavimas2\/\" \/>\n<meta property=\"og:site_name\" content=\"innertube\" \/>\n<meta property=\"article:publisher\" content=\"https:\/\/www.facebook.com\/Innertube.plan\" \/>\n<meta property=\"article:modified_time\" content=\"2026-04-22T11:00:57+00:00\" \/>\n<meta property=\"og:image\" content=\"https:\/\/innertube.lt\/wp-content\/uploads\/2026\/03\/volutes_small.jpg\" \/>\n<meta name=\"twitter:card\" content=\"summary_large_image\" \/>\n<script type=\"application\/ld+json\" class=\"yoast-schema-graph\">{\"@context\":\"https:\\\/\\\/schema.org\",\"@graph\":[{\"@type\":\"WebPage\",\"@id\":\"https:\\\/\\\/innertube.lt\\\/index.php\\\/projektavimas2\\\/\",\"url\":\"https:\\\/\\\/innertube.lt\\\/index.php\\\/projektavimas2\\\/\",\"name\":\"PROJEKTAVIMAS-bad | innertube\",\"isPartOf\":{\"@id\":\"https:\\\/\\\/innertube.lt\\\/#website\"},\"primaryImageOfPage\":{\"@id\":\"https:\\\/\\\/innertube.lt\\\/index.php\\\/projektavimas2\\\/#primaryimage\"},\"image\":{\"@id\":\"https:\\\/\\\/innertube.lt\\\/index.php\\\/projektavimas2\\\/#primaryimage\"},\"thumbnailUrl\":\"https:\\\/\\\/innertube.lt\\\/wp-content\\\/uploads\\\/2026\\\/03\\\/volutes_small.jpg\",\"datePublished\":\"2026-04-03T10:07:41+00:00\",\"dateModified\":\"2026-04-22T11:00:57+00:00\",\"breadcrumb\":{\"@id\":\"https:\\\/\\\/innertube.lt\\\/index.php\\\/projektavimas2\\\/#breadcrumb\"},\"inLanguage\":\"en-US\",\"potentialAction\":[{\"@type\":\"ReadAction\",\"target\":[\"https:\\\/\\\/innertube.lt\\\/index.php\\\/projektavimas2\\\/\"]}]},{\"@type\":\"ImageObject\",\"inLanguage\":\"en-US\",\"@id\":\"https:\\\/\\\/innertube.lt\\\/index.php\\\/projektavimas2\\\/#primaryimage\",\"url\":\"https:\\\/\\\/innertube.lt\\\/wp-content\\\/uploads\\\/2026\\\/03\\\/volutes_small.jpg\",\"contentUrl\":\"https:\\\/\\\/innertube.lt\\\/wp-content\\\/uploads\\\/2026\\\/03\\\/volutes_small.jpg\"},{\"@type\":\"BreadcrumbList\",\"@id\":\"https:\\\/\\\/innertube.lt\\\/index.php\\\/projektavimas2\\\/#breadcrumb\",\"itemListElement\":[{\"@type\":\"ListItem\",\"position\":1,\"name\":\"Home\",\"item\":\"https:\\\/\\\/innertube.lt\\\/\"},{\"@type\":\"ListItem\",\"position\":2,\"name\":\"PROJEKTAVIMAS-bad\"}]},{\"@type\":\"WebSite\",\"@id\":\"https:\\\/\\\/innertube.lt\\\/#website\",\"url\":\"https:\\\/\\\/innertube.lt\\\/\",\"name\":\"Innertube\",\"description\":\"Interjero projektavimas. Produkto, interjero fotografija.\",\"publisher\":{\"@id\":\"https:\\\/\\\/innertube.lt\\\/#organization\"},\"potentialAction\":[{\"@type\":\"SearchAction\",\"target\":{\"@type\":\"EntryPoint\",\"urlTemplate\":\"https:\\\/\\\/innertube.lt\\\/?s={search_term_string}\"},\"query-input\":{\"@type\":\"PropertyValueSpecification\",\"valueRequired\":true,\"valueName\":\"search_term_string\"}}],\"inLanguage\":\"en-US\"},{\"@type\":\"Organization\",\"@id\":\"https:\\\/\\\/innertube.lt\\\/#organization\",\"name\":\"innertube\",\"url\":\"https:\\\/\\\/innertube.lt\\\/\",\"logo\":{\"@type\":\"ImageObject\",\"inLanguage\":\"en-US\",\"@id\":\"https:\\\/\\\/innertube.lt\\\/#\\\/schema\\\/logo\\\/image\\\/\",\"url\":\"https:\\\/\\\/innertube.lt\\\/wp-content\\\/uploads\\\/2025\\\/03\\\/cropped-cropped-INNERTUBE-2025-03-17-simbolis2-1.png\",\"contentUrl\":\"https:\\\/\\\/innertube.lt\\\/wp-content\\\/uploads\\\/2025\\\/03\\\/cropped-cropped-INNERTUBE-2025-03-17-simbolis2-1.png\",\"width\":511,\"height\":511,\"caption\":\"innertube\"},\"image\":{\"@id\":\"https:\\\/\\\/innertube.lt\\\/#\\\/schema\\\/logo\\\/image\\\/\"},\"sameAs\":[\"https:\\\/\\\/www.facebook.com\\\/Innertube.plan\",\"https:\\\/\\\/www.instagram.com\\\/innertube.studio\\\/\"]}]}<\/script>\n<!-- \/ Yoast SEO plugin. -->","yoast_head_json":{"title":"PROJEKTAVIMAS-bad | innertube","robots":{"index":"index","follow":"follow","max-snippet":"max-snippet:-1","max-image-preview":"max-image-preview:large","max-video-preview":"max-video-preview:-1"},"canonical":"https:\/\/innertube.lt\/index.php\/projektavimas2\/","og_locale":"en_US","og_type":"article","og_title":"PROJEKTAVIMAS-bad | innertube","og_description":"TECHNINIAI INTERJERO BR\u0116\u017dINIAI INTERJERO STILIUS, VIZUALIZACIJOS PROJEKTAVIMAS Techniniai interjero br\u0117\u017einiai Vizualizacijos Detaliau FOTOGRAFIJA Produkto fotografija Interjero fotografija Detaliau","og_url":"https:\/\/innertube.lt\/index.php\/projektavimas2\/","og_site_name":"innertube","article_publisher":"https:\/\/www.facebook.com\/Innertube.plan","article_modified_time":"2026-04-22T11:00:57+00:00","og_image":[{"url":"https:\/\/innertube.lt\/wp-content\/uploads\/2026\/03\/volutes_small.jpg","type":"","width":"","height":""}],"twitter_card":"summary_large_image","schema":{"@context":"https:\/\/schema.org","@graph":[{"@type":"WebPage","@id":"https:\/\/innertube.lt\/index.php\/projektavimas2\/","url":"https:\/\/innertube.lt\/index.php\/projektavimas2\/","name":"PROJEKTAVIMAS-bad | innertube","isPartOf":{"@id":"https:\/\/innertube.lt\/#website"},"primaryImageOfPage":{"@id":"https:\/\/innertube.lt\/index.php\/projektavimas2\/#primaryimage"},"image":{"@id":"https:\/\/innertube.lt\/index.php\/projektavimas2\/#primaryimage"},"thumbnailUrl":"https:\/\/innertube.lt\/wp-content\/uploads\/2026\/03\/volutes_small.jpg","datePublished":"2026-04-03T10:07:41+00:00","dateModified":"2026-04-22T11:00:57+00:00","breadcrumb":{"@id":"https:\/\/innertube.lt\/index.php\/projektavimas2\/#breadcrumb"},"inLanguage":"en-US","potentialAction":[{"@type":"ReadAction","target":["https:\/\/innertube.lt\/index.php\/projektavimas2\/"]}]},{"@type":"ImageObject","inLanguage":"en-US","@id":"https:\/\/innertube.lt\/index.php\/projektavimas2\/#primaryimage","url":"https:\/\/innertube.lt\/wp-content\/uploads\/2026\/03\/volutes_small.jpg","contentUrl":"https:\/\/innertube.lt\/wp-content\/uploads\/2026\/03\/volutes_small.jpg"},{"@type":"BreadcrumbList","@id":"https:\/\/innertube.lt\/index.php\/projektavimas2\/#breadcrumb","itemListElement":[{"@type":"ListItem","position":1,"name":"Home","item":"https:\/\/innertube.lt\/"},{"@type":"ListItem","position":2,"name":"PROJEKTAVIMAS-bad"}]},{"@type":"WebSite","@id":"https:\/\/innertube.lt\/#website","url":"https:\/\/innertube.lt\/","name":"Innertube","description":"Interjero projektavimas. Produkto, interjero fotografija.","publisher":{"@id":"https:\/\/innertube.lt\/#organization"},"potentialAction":[{"@type":"SearchAction","target":{"@type":"EntryPoint","urlTemplate":"https:\/\/innertube.lt\/?s={search_term_string}"},"query-input":{"@type":"PropertyValueSpecification","valueRequired":true,"valueName":"search_term_string"}}],"inLanguage":"en-US"},{"@type":"Organization","@id":"https:\/\/innertube.lt\/#organization","name":"innertube","url":"https:\/\/innertube.lt\/","logo":{"@type":"ImageObject","inLanguage":"en-US","@id":"https:\/\/innertube.lt\/#\/schema\/logo\/image\/","url":"https:\/\/innertube.lt\/wp-content\/uploads\/2025\/03\/cropped-cropped-INNERTUBE-2025-03-17-simbolis2-1.png","contentUrl":"https:\/\/innertube.lt\/wp-content\/uploads\/2025\/03\/cropped-cropped-INNERTUBE-2025-03-17-simbolis2-1.png","width":511,"height":511,"caption":"innertube"},"image":{"@id":"https:\/\/innertube.lt\/#\/schema\/logo\/image\/"},"sameAs":["https:\/\/www.facebook.com\/Innertube.plan","https:\/\/www.instagram.com\/innertube.studio\/"]}]}},"_links":{"self":[{"href":"https:\/\/innertube.lt\/index.php\/wp-json\/wp\/v2\/pages\/2900","targetHints":{"allow":["GET"]}}],"collection":[{"href":"https:\/\/innertube.lt\/index.php\/wp-json\/wp\/v2\/pages"}],"about":[{"href":"https:\/\/innertube.lt\/index.php\/wp-json\/wp\/v2\/types\/page"}],"author":[{"embeddable":true,"href":"https:\/\/innertube.lt\/index.php\/wp-json\/wp\/v2\/users\/1"}],"replies":[{"embeddable":true,"href":"https:\/\/innertube.lt\/index.php\/wp-json\/wp\/v2\/comments?post=2900"}],"version-history":[{"count":21,"href":"https:\/\/innertube.lt\/index.php\/wp-json\/wp\/v2\/pages\/2900\/revisions"}],"predecessor-version":[{"id":3897,"href":"https:\/\/innertube.lt\/index.php\/wp-json\/wp\/v2\/pages\/2900\/revisions\/3897"}],"wp:attachment":[{"href":"https:\/\/innertube.lt\/index.php\/wp-json\/wp\/v2\/media?parent=2900"}],"curies":[{"name":"wp","href":"https:\/\/api.w.org\/{rel}","templated":true}]}}